{"id":43,"date":"2015-06-28T14:43:52","date_gmt":"2015-06-28T14:43:52","guid":{"rendered":"http:\/\/www.salzgeber-engineering.com\/?page_id=43"},"modified":"2019-02-18T18:45:57","modified_gmt":"2019-02-18T18:45:57","slug":"unternehmen","status":"publish","type":"page","link":"https:\/\/www.salzgeber-engineering.com\/?page_id=43","title":{"rendered":"Unternehmen"},"content":{"rendered":"<p>[et_pb_section fb_built=&#8220;1&#8243; _builder_version=&#8220;3.0.47&#8243;][et_pb_row _builder_version=&#8220;3.0.48&#8243; background_size=&#8220;initial&#8220; background_position=&#8220;top_left&#8220; background_repeat=&#8220;repeat&#8220;][et_pb_column type=&#8220;4_4&#8243; _builder_version=&#8220;3.0.47&#8243; parallax=&#8220;off&#8220; parallax_method=&#8220;on&#8220;][et_pb_team_member name=&#8220;Aktuelles Expertenwissen auf Abruf&#8220; image_url=&#8220;http:\/\/www.salzgeber-engineering.com\/wp-content\/uploads\/2015\/06\/dietmar_300px_rechteck.jpg&#8220; admin_label=&#8220;Person&#8220; _builder_version=&#8220;3.19.11&#8243; use_border_color=&#8220;off&#8220; border_color=&#8220;#ffffff&#8220; border_style=&#8220;solid&#8220; background_size__hover=&#8220;cover&#8220; background_size__hover_enabled=&#8220;cover&#8220; background_position__hover=&#8220;center&#8220; background_position__hover_enabled=&#8220;center&#8220; background_repeat__hover=&#8220;no-repeat&#8220; background_repeat__hover_enabled=&#8220;no-repeat&#8220; use_background_color_gradient__hover=&#8220;off&#8220; use_background_color_gradient__hover_enabled=&#8220;off&#8220; background_color_gradient_start__hover=&#8220;#2b87da&#8220; background_color_gradient_start__hover_enabled=&#8220;#2b87da&#8220; background_color_gradient_end__hover=&#8220;#29c4a9&#8243; background_color_gradient_end__hover_enabled=&#8220;#29c4a9&#8243; background_color_gradient_type__hover=&#8220;linear&#8220; background_color_gradient_type__hover_enabled=&#8220;linear&#8220; background_color_gradient_direction__hover=&#8220;180deg&#8220; background_color_gradient_direction__hover_enabled=&#8220;180deg&#8220; background_color_gradient_direction_radial__hover=&#8220;center&#8220; background_color_gradient_direction_radial__hover_enabled=&#8220;center&#8220; background_color_gradient_start_position__hover=&#8220;0%&#8220; background_color_gradient_start_position__hover_enabled=&#8220;0%&#8220; background_color_gradient_end_position__hover=&#8220;100%&#8220; background_color_gradient_end_position__hover_enabled=&#8220;100%&#8220; background_color_gradient_overlays_image__hover=&#8220;off&#8220; background_color_gradient_overlays_image__hover_enabled=&#8220;off&#8220; parallax__hover=&#8220;off&#8220; parallax__hover_enabled=&#8220;off&#8220; parallax_method__hover=&#8220;on&#8220; parallax_method__hover_enabled=&#8220;on&#8220; background_blend__hover=&#8220;normal&#8220; background_blend__hover_enabled=&#8220;normal&#8220; allow_player_pause__hover=&#8220;off&#8220; allow_player_pause__hover_enabled=&#8220;off&#8220; background_video_pause_outside_viewport__hover=&#8220;on&#8220; background_video_pause_outside_viewport__hover_enabled=&#8220;on&#8220; header_level=&#8220;h1&#8243; header_level__hover=&#8220;h4&#8243; header_level__hover_enabled=&#8220;h4&#8243; header_letter_spacing__hover=&#8220;0px&#8220; header_letter_spacing__hover_enabled=&#8220;0px&#8220; header_text_shadow_style__hover=&#8220;none&#8220; header_text_shadow_style__hover_enabled=&#8220;none&#8220; header_text_shadow_color__hover=&#8220;rgba(0,0,0,0.4)&#8220; header_text_shadow_color__hover_enabled=&#8220;rgba(0,0,0,0.4)&#8220; body_letter_spacing__hover=&#8220;0px&#8220; body_letter_spacing__hover_enabled=&#8220;0px&#8220; body_text_shadow_style__hover=&#8220;none&#8220; body_text_shadow_style__hover_enabled=&#8220;none&#8220; body_text_shadow_color__hover=&#8220;rgba(0,0,0,0.4)&#8220; body_text_shadow_color__hover_enabled=&#8220;rgba(0,0,0,0.4)&#8220; border_radii__hover=&#8220;on||||&#8220; border_radii__hover_enabled=&#8220;on||||&#8220; border_radii_image__hover=&#8220;on||||&#8220; border_radii_image__hover_enabled=&#8220;on||||&#8220; box_shadow_style__hover=&#8220;none&#8220; box_shadow_style__hover_enabled=&#8220;none&#8220; box_shadow_color__hover=&#8220;rgba(0,0,0,0.3)&#8220; box_shadow_color__hover_enabled=&#8220;rgba(0,0,0,0.3)&#8220; box_shadow_style_image__hover=&#8220;none&#8220; box_shadow_style_image__hover_enabled=&#8220;none&#8220; background_layout__hover=&#8220;light&#8220; background_layout__hover_enabled=&#8220;light&#8220; max_width__hover=&#8220;100%&#8220; max_width__hover_enabled=&#8220;100%&#8220; filter_hue_rotate__hover=&#8220;0deg&#8220; filter_hue_rotate__hover_enabled=&#8220;0deg&#8220; filter_saturate__hover=&#8220;100%&#8220; filter_saturate__hover_enabled=&#8220;100%&#8220; filter_brightness__hover=&#8220;100%&#8220; filter_brightness__hover_enabled=&#8220;100%&#8220; filter_contrast__hover=&#8220;100%&#8220; filter_contrast__hover_enabled=&#8220;100%&#8220; filter_invert__hover=&#8220;0%&#8220; filter_invert__hover_enabled=&#8220;0%&#8220; filter_sepia__hover=&#8220;0%&#8220; filter_sepia__hover_enabled=&#8220;0%&#8220; filter_opacity__hover=&#8220;100%&#8220; filter_opacity__hover_enabled=&#8220;100%&#8220; filter_blur__hover=&#8220;0px&#8220; filter_blur__hover_enabled=&#8220;0px&#8220; mix_blend_mode__hover=&#8220;normal&#8220; mix_blend_mode__hover_enabled=&#8220;normal&#8220; child_filter_hue_rotate__hover=&#8220;0deg&#8220; child_filter_hue_rotate__hover_enabled=&#8220;0deg&#8220; child_filter_saturate__hover=&#8220;100%&#8220; child_filter_saturate__hover_enabled=&#8220;100%&#8220; child_filter_brightness__hover=&#8220;100%&#8220; child_filter_brightness__hover_enabled=&#8220;100%&#8220; child_filter_contrast__hover=&#8220;100%&#8220; child_filter_contrast__hover_enabled=&#8220;100%&#8220; child_filter_invert__hover=&#8220;0%&#8220; child_filter_invert__hover_enabled=&#8220;0%&#8220; child_filter_sepia__hover=&#8220;0%&#8220; child_filter_sepia__hover_enabled=&#8220;0%&#8220; child_filter_opacity__hover=&#8220;100%&#8220; child_filter_opacity__hover_enabled=&#8220;100%&#8220; child_filter_blur__hover=&#8220;0px&#8220; child_filter_blur__hover_enabled=&#8220;0px&#8220; child_mix_blend_mode__hover=&#8220;normal&#8220; child_mix_blend_mode__hover_enabled=&#8220;normal&#8220; animation_style__hover=&#8220;none&#8220; animation_style__hover_enabled=&#8220;none&#8220; animation_repeat__hover=&#8220;once&#8220; animation_repeat__hover_enabled=&#8220;once&#8220; animation_direction__hover=&#8220;center&#8220; animation_direction__hover_enabled=&#8220;center&#8220; animation_duration__hover=&#8220;1000ms&#8220; animation_duration__hover_enabled=&#8220;1000ms&#8220; animation_delay__hover=&#8220;0ms&#8220; animation_delay__hover_enabled=&#8220;0ms&#8220; animation_intensity_slide__hover=&#8220;50%&#8220; animation_intensity_slide__hover_enabled=&#8220;50%&#8220; animation_intensity_zoom__hover=&#8220;50%&#8220; animation_intensity_zoom__hover_enabled=&#8220;50%&#8220; animation_intensity_flip__hover=&#8220;50%&#8220; animation_intensity_flip__hover_enabled=&#8220;50%&#8220; animation_intensity_fold__hover=&#8220;50%&#8220; animation_intensity_fold__hover_enabled=&#8220;50%&#8220; animation_intensity_roll__hover=&#8220;50%&#8220; animation_intensity_roll__hover_enabled=&#8220;50%&#8220; animation_starting_opacity__hover=&#8220;0%&#8220; animation_starting_opacity__hover_enabled=&#8220;0%&#8220; animation_speed_curve__hover=&#8220;ease-in-out&#8220; animation_speed_curve__hover_enabled=&#8220;ease-in-out&#8220; animation__hover=&#8220;off&#8220; animation__hover_enabled=&#8220;off&#8220; text_shadow_style__hover=&#8220;none&#8220; text_shadow_style__hover_enabled=&#8220;none&#8220; text_shadow_color__hover=&#8220;rgba(0,0,0,0.4)&#8220; text_shadow_color__hover_enabled=&#8220;rgba(0,0,0,0.4)&#8220; hover_transition_duration__hover=&#8220;300ms&#8220; hover_transition_duration__hover_enabled=&#8220;300ms&#8220; hover_transition_delay__hover=&#8220;0ms&#8220; hover_transition_delay__hover_enabled=&#8220;0ms&#8220; hover_transition_speed_curve__hover=&#8220;ease&#8220; hover_transition_speed_curve__hover_enabled=&#8220;ease&#8220; header_font=&#8220;||||||||&#8220; header_line_height=&#8220;1.4em&#8220;]<\/p>\n<ul>\n<li style=\"text-align: left;\">35 JAHRE BERUFSERFAHRUNG<\/li>\n<li style=\"text-align: left;\">KUNSTSTOFFTECHNIK<\/li>\n<li style=\"text-align: left;\">POLYMERE WERKSTOFFE<\/li>\n<li style=\"text-align: left;\">WERKZEUGTECHNOLOGIE<\/li>\n<li style=\"text-align: left;\">PRODUKTENTWICKLUNG<\/li>\n<li style=\"text-align: left;\">BESCHAFFUNG<\/li>\n<li style=\"text-align: left;\">PROJEKTMANAGEMENT<\/li>\n<li style=\"text-align: left;\">PRODUKTMANAGEMENT<\/li>\n<\/ul>\n<p><a href=\"https:\/\/ch.linkedin.com\/pub\/dietmar-salzgeber\/86\/326\/a52\" target=\"_blank\" rel=\"noopener\">LinkedIn<\/a>\u00a0|\u00a0<a href=\"https:\/\/www.xing.com\/profile\/Dietmar_Salzgeber\" target=\"_blank\" rel=\"noopener\">XING<\/a><\/p>\n<p>&nbsp;[\/et_pb_team_member][et_pb_text _builder_version=&#8220;3.19.11&#8243;]<\/p>\n<h3><span style=\"font-weight: 400;\">Bedarfsorientiert<\/span><\/h3>\n<p><span style=\"font-weight: 400;\">Massgeschneidert, Ihren Bed\u00fcrfnissen entsprechend, so viel wie n\u00f6tig so wenig wie m\u00f6glich<\/span><\/p>\n<h3><span style=\"font-weight: 400;\">Innovativ<\/span><\/h3>\n<p><span style=\"font-weight: 400;\">Querdenken, scheinbar Unm\u00f6gliches in Betracht ziehen, Komplexes auf das Einfachste reduzieren<\/span><\/p>\n<h3><span style=\"font-weight: 400;\">Effizient<\/span><\/h3>\n<p><span style=\"font-weight: 400;\">Mit m\u00f6glichst geringstem Aufwand das bestm\u00f6gliche Resultat erzielen, Fokussierung auf das Wesentliche<\/span><\/p>\n<p>[\/et_pb_text][\/et_pb_column][\/et_pb_row][\/et_pb_section]<\/p>\n","protected":false},"excerpt":{"rendered":"<p>35 JAHRE BERUFSERFAHRUNG KUNSTSTOFFTECHNIK POLYMERE WERKSTOFFE WERKZEUGTECHNOLOGIE PRODUKTENTWICKLUNG BESCHAFFUNG PROJEKTMANAGEMENT PRODUKTMANAGEMENT LinkedIn\u00a0|\u00a0XING &nbsp;Bedarfsorientiert Massgeschneidert, Ihren Bed\u00fcrfnissen entsprechend, so viel wie n\u00f6tig so wenig wie m\u00f6glich Innovativ Querdenken, scheinbar Unm\u00f6gliches in Betracht ziehen, Komplexes auf das Einfachste reduzieren Effizient Mit m\u00f6glichst geringstem Aufwand das bestm\u00f6gliche Resultat erzielen, Fokussierung auf das Wesentliche<\/p>\n","protected":false},"author":1,"featured_media":0,"parent":0,"menu_order":0,"comment_status":"open","ping_status":"open","template":"","meta":{"_et_pb_use_builder":"on","_et_pb_old_content":"","_et_gb_content_width":"","footnotes":""},"class_list":["post-43","page","type-page","status-publish","hentry"],"_links":{"self":[{"href":"https:\/\/www.salzgeber-engineering.com\/index.php?rest_route=\/wp\/v2\/pages\/43","targetHints":{"allow":["GET"]}}],"collection":[{"href":"https:\/\/www.salzgeber-engineering.com\/index.php?rest_route=\/wp\/v2\/pages"}],"about":[{"href":"https:\/\/www.salzgeber-engineering.com\/index.php?rest_route=\/wp\/v2\/types\/page"}],"author":[{"embeddable":true,"href":"https:\/\/www.salzgeber-engineering.com\/index.php?rest_route=\/wp\/v2\/users\/1"}],"replies":[{"embeddable":true,"href":"https:\/\/www.salzgeber-engineering.com\/index.php?rest_route=%2Fwp%2Fv2%2Fcomments&post=43"}],"version-history":[{"count":26,"href":"https:\/\/www.salzgeber-engineering.com\/index.php?rest_route=\/wp\/v2\/pages\/43\/revisions"}],"predecessor-version":[{"id":390,"href":"https:\/\/www.salzgeber-engineering.com\/index.php?rest_route=\/wp\/v2\/pages\/43\/revisions\/390"}],"wp:attachment":[{"href":"https:\/\/www.salzgeber-engineering.com\/index.php?rest_route=%2Fwp%2Fv2%2Fmedia&parent=43"}],"curies":[{"name":"wp","href":"https:\/\/api.w.org\/{rel}","templated":true}]}}